{"id":81,"date":"2012-04-09T16:24:18","date_gmt":"2012-04-09T14:24:18","guid":{"rendered":"http:\/\/bibel.thomashieke.de\/?page_id=81"},"modified":"2021-02-10T11:43:11","modified_gmt":"2021-02-10T10:43:11","slug":"forschung","status":"publish","type":"page","link":"https:\/\/bibel.thomashieke.de\/?page_id=81","title":{"rendered":"Forschung"},"content":{"rendered":"<ul>\n<li>Das Projekt der \u00dcbersetzung der Septuaginta ins Deutsche: <a href=\"http:\/\/www.septuaginta-deutsch.de\/\" target=\"_blank\" rel=\"noopener\">http:\/\/www.septuaginta-deutsch.de\/<\/a><\/li>\n<li>Heidelberger Gesamtverzeichnis der griechischen Papyrusurkunden \u00c4gyptens: <a href=\"https:\/\/www.uni-heidelberg.de\/fakultaeten\/philosophie\/zaw\/papy\/projekt\/griech_papy.html\" target=\"_blank\" rel=\"noopener\">https:\/\/www.uni-heidelberg.de\/fakultaeten\/philosophie\/zaw\/papy\/projekt\/griech_papy.html<\/a><\/li>\n<li><span style=\"color: #ff0000;\">\u2022 <\/span>Griechische Schreibkultur in fr\u00fchj\u00fcdischer und fr\u00fchchristlicher Umgebung: Auff\u00e4lligkeiten, literarische Techniken, Beschreibung von Handschrift-Fragmenten (von Robert A. Kraft, Universit\u00e4t Pennsylvania, USA; in englischer Sprache, mit zahlreichen Links auf ausgezeichnete Farbfotografien von Papyrus- und Pergamentfragmenten): <a href=\"http:\/\/ccat.sas.upenn.edu\/rs\/rak\/jewishpap.html\" target=\"_blank\" rel=\"noopener\">http:\/\/ccat.sas.upenn.edu\/rs\/rak\/jewishpap.html<\/a><\/li>\n<li>Homepage von Prof. Dr. Norbert Lohfink SJ: <a href=\"http:\/\/www.sankt-georgen.de\/lehrstuehlelehrende\/emeriti\/norbert-lohfink-sj\/\" target=\"_blank\" rel=\"noopener\">http:\/\/www.sankt-georgen.de\/lehrstuehlelehrende\/emeriti\/norbert-lohfink-sj\/<\/a><\/li>\n<li>Publikationsliste von Prof. Dr. Franz Mu\u00dfner: <a href=\"http:\/\/blog.thomashieke.de\/?page_id=267\" target=\"_blank\" rel=\"noopener\">http:\/\/blog.thomashieke.de\/?page_id=267<\/a><\/li>\n<\/ul>\n","protected":false},"excerpt":{"rendered":"<p>Das Projekt der \u00dcbersetzung der Septuaginta ins Deutsche: http:\/\/www.septuaginta-deutsch.de\/ Heidelberger Gesamtverzeichnis der griechischen Papyrusurkunden \u00c4gyptens: https:\/\/www.uni-heidelberg.de\/fakultaeten\/philosophie\/zaw\/papy\/projekt\/griech_papy.html \u2022 Griechische Schreibkultur in fr\u00fchj\u00fcdischer und fr\u00fchchristlicher Umgebung: Auff\u00e4lligkeiten, literarische Techniken, Beschreibung von Handschrift-Fragmenten (von Robert A. Kraft, Universit\u00e4t Pennsylvania, USA; in englischer Sprache, &hellip; <a href=\"https:\/\/bibel.thomashieke.de\/?page_id=81\">Weiterlesen <span class=\"meta-nav\">&rarr;<\/span><\/a><\/p>\n","protected":false},"author":1,"featured_media":0,"parent":74,"menu_order":3,"comment_status":"closed","ping_status":"closed","template":"","meta":{"footnotes":""},"class_list":["post-81","page","type-page","status-publish","hentry"],"_links":{"self":[{"href":"https:\/\/bibel.thomashieke.de\/index.php?rest_route=\/wp\/v2\/pages\/81","targetHints":{"allow":["GET"]}}],"collection":[{"href":"https:\/\/bibel.thomashieke.de\/index.php?rest_route=\/wp\/v2\/pages"}],"about":[{"href":"https:\/\/bibel.thomashieke.de\/index.php?rest_route=\/wp\/v2\/types\/page"}],"author":[{"embeddable":true,"href":"https:\/\/bibel.thomashieke.de\/index.php?rest_route=\/wp\/v2\/users\/1"}],"replies":[{"embeddable":true,"href":"https:\/\/bibel.thomashieke.de\/index.php?rest_route=%2Fwp%2Fv2%2Fcomments&post=81"}],"version-history":[{"count":13,"href":"https:\/\/bibel.thomashieke.de\/index.php?rest_route=\/wp\/v2\/pages\/81\/revisions"}],"predecessor-version":[{"id":505,"href":"https:\/\/bibel.thomashieke.de\/index.php?rest_route=\/wp\/v2\/pages\/81\/revisions\/505"}],"up":[{"embeddable":true,"href":"https:\/\/bibel.thomashieke.de\/index.php?rest_route=\/wp\/v2\/pages\/74"}],"wp:attachment":[{"href":"https:\/\/bibel.thomashieke.de\/index.php?rest_route=%2Fwp%2Fv2%2Fmedia&parent=81"}],"curies":[{"name":"wp","href":"https:\/\/api.w.org\/{rel}","templated":true}]}}