{"id":67,"date":"2012-04-09T16:14:03","date_gmt":"2012-04-09T14:14:03","guid":{"rendered":"http:\/\/bibel.thomashieke.de\/?page_id=67"},"modified":"2023-12-15T19:08:04","modified_gmt":"2023-12-15T18:08:04","slug":"software","status":"publish","type":"page","link":"https:\/\/bibel.thomashieke.de\/?page_id=67","title":{"rendered":"Software"},"content":{"rendered":"\n<p>Eine mit k\u00fcnstlicher Intelligenz arbeitende Suchmaschine f\u00fcr den Vulgatatext: <a rel=\"noreferrer noopener\" href=\"https:\/\/vulgate.streamlit.app\/\" target=\"_blank\">https:\/\/vulgate.streamlit.app\/<\/a> (in das Suchfenster kann lateinischer oder lateinisch klingender Text in welcher Form und Schreibweise auch immer eingegeben werden; so k\u00f6nnen beispielsweise auch mittellateinischer Text aus Hymnen oder Kirchenv\u00e4tertexte eingegeben werden, und das Programm sucht, welcher lateinische Bibeltext (Vulgata) dahinter stecken k\u00f6nnte.)<\/p>\n\n\n\n<p>Online-Bibelsoftware-Tool zur Elberfelder \u00dcbersetzung (Edition H\u00fcckeswagen CSV) mit interessanten Such- und Statistikfunktionen basierend auf der Strong-Codierung: <a href=\"https:\/\/www.csv-bibel.de\/start\" target=\"_blank\" rel=\"noreferrer noopener\">https:\/\/www.csv-bibel.de\/start <\/a><\/p>\n\n\n\n<p><span style=\"color: #ff0000;\">\u2022 <\/span>Konvertierungsseiten, die vokalisierten hebr\u00e4ischen Text (Unicode) in Transkription umwandeln: <a rel=\"noopener noreferrer\" href=\"https:\/\/opensiddur.org\/help\/transliterate\/\" target=\"_blank\">https:\/\/opensiddur.org\/help\/transliterate\/<\/a> (mit der SBL-Transkription); <a rel=\"noopener noreferrer\" href=\"http:\/\/www.alittlehebrew.com\/transliterate\/\" target=\"_blank\">http:\/\/www.alittlehebrew.com\/transliterate\/<\/a><\/p>\n\n\n\n<p><span style=\"color: #ff0000;\">\u2022 \u2022 \u2022 <\/span>Informationen zu Bibelprogrammen: <a rel=\"noopener noreferrer\" href=\"http:\/\/bibelsoftware.theologie.uni-mainz.de\" target=\"_blank\">http:\/\/bibelsoftware.theologie.uni-mainz.de<\/a> (Thomas Hieke)<\/p>\n\n\n\n<p><span style=\"color: #ff0000;\">\u2022 <span style=\"color: #000000;\">Informationen zu Logos Bible Software: <a rel=\"noopener noreferrer\" href=\"https:\/\/www.logos.com\" target=\"_blank\">https:\/\/www.logos.com<\/a> &nbsp;(f\u00fcr Windows, Mac-OS, iOS, Android)<\/span><\/span><\/p>\n\n\n\n<p><span style=\"color: #ff0000;\">\u2022 <span style=\"color: #000000;\">Informationen zu Accordance Bible Software: <a rel=\"noopener noreferrer\" href=\"http:\/\/accordancebible.com\" target=\"_blank\">http:\/\/accordancebible.com<\/a> (f\u00fcr Mac-OS, iOS, Android und Windows)<\/span><\/span><\/p>\n\n\n\n<p>\u00dcberblicksseite f\u00fcr das Bibelsoftware-Baukastensystem &#8222;bibel digital&#8220;: <a rel=\"noopener noreferrer\" href=\"http:\/\/www.mfchi.org\" target=\"_blank\">http:\/\/www.mfchi.org<\/a><\/p>\n\n\n\n<p>Informationen zu Gramcord: <a rel=\"noopener noreferrer\" href=\"http:\/\/www.gramcord.org\" target=\"_blank\">http:\/\/www.gramcord.org<\/a><\/p>\n\n\n\n<p>Hebr\u00e4ischer und griechischer Urtext online sowie zahlreiche Bibel\u00fcbersetzungen in moderne Sprachen (mit Online-Suchm\u00f6glichkeiten und Textexport): <a rel=\"noopener noreferrer\" href=\"http:\/\/unbound.biola.edu\" target=\"_blank\">http:\/\/unbound.biola.edu<\/a><\/p>\n\n\n\n<p>Der Thesaurus Linguae Graecae (TLG): <a rel=\"noopener noreferrer\" href=\"http:\/\/stephanus.tlg.uci.edu\/\" target=\"_blank\">http:\/\/stephanus.tlg.uci.edu\/<\/a><\/p>\n\n\n\n<hr class=\"wp-block-separator has-css-opacity\"\/>\n\n\n\n<p>Beispiel f\u00fcr die Arbeit mit Logos Bible Software:<\/p>\n\n\n\n<p><iframe loading=\"lazy\" style=\"padding: 0px; border: 1px solid #464646;\" src=\"https:\/\/video.uni-mainz.de\/Panopto\/Pages\/Embed.aspx?id=207585c1-f9e4-4243-8d74-ab8400b899d2&amp;v=1\" width=\"720\" height=\"405\" frameborder=\"0\" allowfullscreen=\"allowfullscreen\"><\/iframe><\/p>\n","protected":false},"excerpt":{"rendered":"<p>Eine mit k\u00fcnstlicher Intelligenz arbeitende Suchmaschine f\u00fcr den Vulgatatext: https:\/\/vulgate.streamlit.app\/ (in das Suchfenster kann lateinischer oder lateinisch klingender Text in welcher Form und Schreibweise auch immer eingegeben werden; so k\u00f6nnen beispielsweise auch mittellateinischer Text aus Hymnen oder Kirchenv\u00e4tertexte eingegeben werden, &hellip; <a href=\"https:\/\/bibel.thomashieke.de\/?page_id=67\">Weiterlesen <span class=\"meta-nav\">&rarr;<\/span><\/a><\/p>\n","protected":false},"author":1,"featured_media":0,"parent":62,"menu_order":2,"comment_status":"closed","ping_status":"closed","template":"","meta":{"footnotes":""},"class_list":["post-67","page","type-page","status-publish","hentry"],"_links":{"self":[{"href":"https:\/\/bibel.thomashieke.de\/index.php?rest_route=\/wp\/v2\/pages\/67","targetHints":{"allow":["GET"]}}],"collection":[{"href":"https:\/\/bibel.thomashieke.de\/index.php?rest_route=\/wp\/v2\/pages"}],"about":[{"href":"https:\/\/bibel.thomashieke.de\/index.php?rest_route=\/wp\/v2\/types\/page"}],"author":[{"embeddable":true,"href":"https:\/\/bibel.thomashieke.de\/index.php?rest_route=\/wp\/v2\/users\/1"}],"replies":[{"embeddable":true,"href":"https:\/\/bibel.thomashieke.de\/index.php?rest_route=%2Fwp%2Fv2%2Fcomments&post=67"}],"version-history":[{"count":21,"href":"https:\/\/bibel.thomashieke.de\/index.php?rest_route=\/wp\/v2\/pages\/67\/revisions"}],"predecessor-version":[{"id":655,"href":"https:\/\/bibel.thomashieke.de\/index.php?rest_route=\/wp\/v2\/pages\/67\/revisions\/655"}],"up":[{"embeddable":true,"href":"https:\/\/bibel.thomashieke.de\/index.php?rest_route=\/wp\/v2\/pages\/62"}],"wp:attachment":[{"href":"https:\/\/bibel.thomashieke.de\/index.php?rest_route=%2Fwp%2Fv2%2Fmedia&parent=67"}],"curies":[{"name":"wp","href":"https:\/\/api.w.org\/{rel}","templated":true}]}}