{"id":64,"date":"2012-04-09T16:11:02","date_gmt":"2012-04-09T14:11:02","guid":{"rendered":"http:\/\/bibel.thomashieke.de\/?page_id=64"},"modified":"2026-01-12T14:43:39","modified_gmt":"2026-01-12T13:43:39","slug":"fonts","status":"publish","type":"page","link":"https:\/\/bibel.thomashieke.de\/?page_id=64","title":{"rendered":"Fonts"},"content":{"rendered":"\n<p>Eine Website, die gescannte Seiten mit hebr\u00e4ischem Text (PDF) in Unicode einlesen kann (OCR): <a href=\"https:\/\/ocr.pdfcandle.com\/heb\/index.html\" target=\"_blank\" rel=\"noreferrer noopener\">https:\/\/ocr.pdfcandle.com\/heb\/index.html<\/a> (Es funktioniert auch mit &#8222;gemischtem&#8220; Text dt.\/engl.\/hebr., der Aufwand zur Nachbearbeitung sollte aber nicht untersch\u00e4tzt werden.)<\/p>\n\n\n\n<p><span style=\"color: #ff0000;\">\u2022 <\/span>Die Society of Biblical Literature bietet kostenlose True-Type-Fonts f\u00fcr Griechisch, Hebr\u00e4isch und Transkription an, u.a. SBLBibLit, ein kombinierter Unicode-Font f\u00fcr Transkription, Hebr\u00e4isch und Griechisch: <a href=\"https:\/\/www.sbl-site.org\/resources\/fonts\/\" target=\"_blank\" rel=\"noreferrer noopener\">https:\/\/www.sbl-site.org\/resources\/fonts\/<\/a><\/p>\n\n\n\n<p>Fonts f\u00fcr pal\u00e4o-hebr\u00e4ische Schrift (basierend auf verschiedenen althebr\u00e4ischen Inschriften; kostenfrei): <a href=\"https:\/\/www.bibleplaces.com\/paleo_hebrew_fonts\/\"><\/a><a rel=\"noreferrer noopener\" href=\"https:\/\/www.bibleplaces.com\/paleo_hebrew_fonts\/\" target=\"_blank\">https:\/\/www.bibleplaces.com\/paleo_hebrew_fonts\/<\/a><\/p>\n\n\n\n<p>Fonts f\u00fcr altgriechische Inschriften und Handschriften (z.B. archaisches Griechisch, Stein von Rosetta, Papyrus P75, Codex Sinaiticus; kostenfrei): <a href=\"https:\/\/www.bibleplaces.com\/greek_fonts\/\" target=\"_blank\" rel=\"noreferrer noopener\">https:\/\/www.bibleplaces.com\/greek_fonts\/<\/a><\/p>\n\n\n\n<p><span style=\"color: #ff0000;\">\u2022 <\/span>Fontkonvertierung f\u00fcr Griechisch: Diese Seite informiert \u00fcber verschiedene M\u00f6glichkeiten, \u00e4ltere Fonts (z.B. SPIonic) in Unicode zu konvertieren und stellt entsprechende Programme (z.B. Dokumentvorlagen f\u00fcr Word) zur Verf\u00fcgung: <a rel=\"noopener\" href=\"http:\/\/www.greektranscoder.org\/\" target=\"_blank\">http:\/\/www.greektranscoder.org\/<\/a><\/p>\n\n\n\n<p>Fontkonvertierung f\u00fcr Griechisch: Betacode (Thesaurus Linguae Graecae) in Unicode: <a rel=\"noopener noreferrer\" href=\"https:\/\/cental.uclouvain.be\/beta2uni\/\" target=\"_blank\">https:\/\/cental.uclouvain.be\/beta2uni\/<\/a> (mit einer hochzuladenden Datei)<\/p>\n\n\n\n<p>Grundlegende Informationen zu Unicode (in englischer Sprache): <a rel=\"noopener\" href=\"http:\/\/www.alanwood.net\/unicode\/\" target=\"_blank\">http:\/\/www.alanwood.net\/unicode\/<\/a><\/p>\n\n\n\n<p>Informationen zu Fonts f\u00fcr Geisteswissenschaftler (David J. Perry): <a rel=\"noopener\" href=\"http:\/\/www.scholarsfonts.net\/\" target=\"_blank\">http:\/\/www.scholarsfonts.net\/<\/a><\/p>\n\n\n\n<p>Tastaturtreiber, um die Zeichen leicht eingeben zu k\u00f6nnen: <a rel=\"noopener\" href=\"http:\/\/www.tavultesoft.com\/keyman\/\" target=\"_blank\">http:\/\/www.tavultesoft.com\/keyman\/<\/a><\/p>\n\n\n\n<p>Weitere Ressourcen f\u00fcr elektronische Texte, die auf Unicode basieren:<\/p>\n\n\n\n<p>Syrisches Neues Testament: <a rel=\"noopener\" href=\"http:\/\/www.peshitta.org\/\" target=\"_blank\">http:\/\/www.peshitta.org\/<\/a> Hier finden sich auch weitere Tools f\u00fcr die Arbeit mit dem Syrischen.<\/p>\n\n\n\n<p>Ezra SIL Unicode Fonts (Hebr\u00e4isch) f\u00fcr Office 2003 (!): <a rel=\"noopener\" href=\"http:\/\/scripts.sil.org\/cms\/scripts\/page.php?site_id=nrsi&amp;item_id=EzraSIL_Home\" target=\"_blank\">http:\/\/scripts.sil.org\/cms\/scripts\/page.php?site_id=nrsi&amp;item_id=EzraSIL_Home<\/a><\/p>\n\n\n\n<p>Zusatzprogramm &#8222;ANTIOCH&#8220; (Shareware) zur Darstellung griechischer und hebr\u00e4ischer Zeichen in MS Word (Ralph Hancock): <a rel=\"noopener\" href=\"http:\/\/www.users.dircon.co.uk\/~hancock\/antioch.htm\" target=\"_blank\">http:\/\/www.users.dircon.co.uk\/~hancock\/antioch.htm<\/a> (einschlie\u00dflich Septuaginta und NT Graece)<\/p>\n\n\n\n<p>Weitere fremdsprachliche Zeichens\u00e4tze: <a rel=\"noopener\" href=\"http:\/\/scriptsource.org\/\" target=\"_blank\">http:\/\/scriptsource.org\/<\/a><\/p>\n","protected":false},"excerpt":{"rendered":"<p>Eine Website, die gescannte Seiten mit hebr\u00e4ischem Text (PDF) in Unicode einlesen kann (OCR): https:\/\/ocr.pdfcandle.com\/heb\/index.html (Es funktioniert auch mit &#8222;gemischtem&#8220; Text dt.\/engl.\/hebr., der Aufwand zur Nachbearbeitung sollte aber nicht untersch\u00e4tzt werden.) \u2022 Die Society of Biblical Literature bietet kostenlose True-Type-Fonts &hellip; <a href=\"https:\/\/bibel.thomashieke.de\/?page_id=64\">Weiterlesen <span class=\"meta-nav\">&rarr;<\/span><\/a><\/p>\n","protected":false},"author":1,"featured_media":0,"parent":62,"menu_order":1,"comment_status":"closed","ping_status":"closed","template":"","meta":{"footnotes":""},"class_list":["post-64","page","type-page","status-publish","hentry"],"_links":{"self":[{"href":"https:\/\/bibel.thomashieke.de\/index.php?rest_route=\/wp\/v2\/pages\/64","targetHints":{"allow":["GET"]}}],"collection":[{"href":"https:\/\/bibel.thomashieke.de\/index.php?rest_route=\/wp\/v2\/pages"}],"about":[{"href":"https:\/\/bibel.thomashieke.de\/index.php?rest_route=\/wp\/v2\/types\/page"}],"author":[{"embeddable":true,"href":"https:\/\/bibel.thomashieke.de\/index.php?rest_route=\/wp\/v2\/users\/1"}],"replies":[{"embeddable":true,"href":"https:\/\/bibel.thomashieke.de\/index.php?rest_route=%2Fwp%2Fv2%2Fcomments&post=64"}],"version-history":[{"count":33,"href":"https:\/\/bibel.thomashieke.de\/index.php?rest_route=\/wp\/v2\/pages\/64\/revisions"}],"predecessor-version":[{"id":686,"href":"https:\/\/bibel.thomashieke.de\/index.php?rest_route=\/wp\/v2\/pages\/64\/revisions\/686"}],"up":[{"embeddable":true,"href":"https:\/\/bibel.thomashieke.de\/index.php?rest_route=\/wp\/v2\/pages\/62"}],"wp:attachment":[{"href":"https:\/\/bibel.thomashieke.de\/index.php?rest_route=%2Fwp%2Fv2%2Fmedia&parent=64"}],"curies":[{"name":"wp","href":"https:\/\/api.w.org\/{rel}","templated":true}]}}