{"id":59,"date":"2012-04-09T16:05:40","date_gmt":"2012-04-09T14:05:40","guid":{"rendered":"http:\/\/bibel.thomashieke.de\/?page_id=59"},"modified":"2021-02-13T12:38:15","modified_gmt":"2021-02-13T11:38:15","slug":"bilder","status":"publish","type":"page","link":"https:\/\/bibel.thomashieke.de\/?page_id=59","title":{"rendered":"Bilder"},"content":{"rendered":"\n<h3 class=\"wp-block-heading\">Archive mit Bildern:<\/h3>\n\n\n\n<p>Bilderarchiv des American Center of Oriental Research (+20.000 Bilder aus dem Nahen Osten und \u00c4gypten): <a rel=\"noopener noreferrer\" href=\"https:\/\/acor.digitalrelab.com\/\" target=\"_blank\">https:\/\/acor.digitalrelab.com\/<\/a><\/p>\n\n\n\n<p>Die Online-Datenbank des Museums Bibel+Orient (BODO), Freiburg (CH): <a rel=\"noopener\" href=\"http:\/\/www.bible-orient-museum.ch\/bodo\/\" target=\"_blank\">http:\/\/www.bible-orient-museum.ch\/bodo\/<\/a><\/p>\n\n\n\n<p>Zahlreiche Fotos aus Israel und anderen Regionen (v.a. auch arch\u00e4ologische St\u00e4tten): <a rel=\"noopener noreferrer\" href=\"http:\/\/www.holylandphotos.org\/\" target=\"_blank\">http:\/\/www.holylandphotos.org\/<\/a><\/p>\n\n\n\n<p>National Treasures: Selectetd Artifacts from the Shelby White and Leon Levy Centre for National Treasures (Bilder von arch\u00e4ologischen Fundobjekten aus Israel):<a rel=\"noopener noreferrer\" href=\"http:\/\/www.antiquities.org.il\/t\/default_en.aspx\" target=\"_blank\"> http:\/\/www.antiquities.org.il\/t\/default_en.aspx<\/a><\/p>\n\n\n\n<p>Kieler Bilddatenbank Naher Osten (KiBiDaNO, R\u00fcdiger Bartelmus), ein Archiv mit etwa 9600 (z.T. historischen) Fotos Orten, Landschaften etc. aus Irak, Iran, Israel, Jordanien, Libanon, Pal\u00e4stina, Syrien, T\u00fcrkei und \u00c4gypten:\u00a0<a rel=\"noopener\" href=\"http:\/\/www.uni-kiel.de\/kibidano\/\" target=\"_blank\">http:\/\/www.uni-kiel.de\/kibidano\/<\/a><\/p>\n\n\n\n<p>Sammlungen des Gustaf-Dalman-Instituts Greifswald (Dias und Fotos von Pal\u00e4stina Anfang des 20. Jh.): <a href=\"https:\/\/wissenschaftliche-sammlungen.uni-greifswald.de\/dalman\/\" target=\"_blank\" rel=\"noreferrer noopener\">https:\/\/wissenschaftliche-sammlungen.uni-greifswald.de\/dalman\/<\/a><\/p>\n\n\n\n<p>185.000 Fotos aus aller Welt von Michael Greenhalgh, The Australian National University: <a rel=\"noopener\" href=\"http:\/\/rubens.anu.edu.au\/\" target=\"_blank\">http:\/\/rubens.anu.edu.au\/<\/a><\/p>\n\n\n\n<p>Bilder und Informationen zu wichtigen Exponaten aus dem Bible Lands Museum, Jerusalem: <a rel=\"noopener\" href=\"http:\/\/www.blmj.org\" target=\"_blank\">http:\/\/www.blmj.org<\/a><\/p>\n\n\n\n<p>Bilder und Informationen zu wichtigen Exponaten aus dem Metropolitan Museum, New York: <a rel=\"noopener\" href=\"http:\/\/www.metmuseum.org\/home.asp\" target=\"_blank\">http:\/\/www.metmuseum.org\/home.asp<\/a><\/p>\n\n\n\n<p>Fotos mit Themen rund um Israel und das Judentum: <a rel=\"noopener\" href=\"http:\/\/www.schalomnet.de\/index.htm\" target=\"_blank\">http:\/\/www.schalomnet.de\/index.htm<\/a><\/p>\n\n\n\n<p>Landkarten zur Bibel mit englischer Beschriftung (Strichzeichnungen; z.T. farbig): <a rel=\"noopener\" href=\"http:\/\/www.bible-history.com\/maps\/\" target=\"_blank\">http:\/\/www.bible-history.com\/maps\/<\/a><\/p>\n\n\n\n<p>Linksammelseite, die nach biblischen Themen und Stellen durchsucht werden kann und dann Links zu entsprechenden Bildern im WWW bietet: <a rel=\"noopener\" href=\"http:\/\/www.biblical-art.com\/\" target=\"_blank\">http:\/\/www.biblical-art.com\/<\/a>\u00a0Update: Durch die v\u00f6llige \u00dcberfrachtung mit Werbung ist die Seite nahezu unbenutzbar geworden und funktioniert nur in Google Chrome einigerma\u00dfen. Die Links zu den Informationen \u00fcber Bilder finden sich in winzigen K\u00e4stchen \u00fcber dem jeweiligen Text. Die Bilder selbst werden aus Urheberrechtsgr\u00fcnden kaum mehr angeboten.<\/p>\n\n\n\n<p>Online-Zeitschrift: Die Bibel in der Kunst (BiKu)\/Bible in the Arts (BiA):\u00a0<a rel=\"noopener noreferrer\" href=\"http:\/\/www.bibelwissenschaft.de\/die-bibel-in-der-kunst\/\" target=\"_blank\">http:\/\/www.bibelwissenschaft.de\/die-bibel-in-der-kunst\/<\/a><\/p>\n","protected":false},"excerpt":{"rendered":"<p>Archive mit Bildern: Bilderarchiv des American Center of Oriental Research (+20.000 Bilder aus dem Nahen Osten und \u00c4gypten): https:\/\/acor.digitalrelab.com\/ Die Online-Datenbank des Museums Bibel+Orient (BODO), Freiburg (CH): http:\/\/www.bible-orient-museum.ch\/bodo\/ Zahlreiche Fotos aus Israel und anderen Regionen (v.a. auch arch\u00e4ologische St\u00e4tten): http:\/\/www.holylandphotos.org\/ &hellip; <a href=\"https:\/\/bibel.thomashieke.de\/?page_id=59\">Weiterlesen <span class=\"meta-nav\">&rarr;<\/span><\/a><\/p>\n","protected":false},"author":1,"featured_media":0,"parent":0,"menu_order":7,"comment_status":"closed","ping_status":"closed","template":"","meta":{"footnotes":""},"class_list":["post-59","page","type-page","status-publish","hentry"],"_links":{"self":[{"href":"https:\/\/bibel.thomashieke.de\/index.php?rest_route=\/wp\/v2\/pages\/59","targetHints":{"allow":["GET"]}}],"collection":[{"href":"https:\/\/bibel.thomashieke.de\/index.php?rest_route=\/wp\/v2\/pages"}],"about":[{"href":"https:\/\/bibel.thomashieke.de\/index.php?rest_route=\/wp\/v2\/types\/page"}],"author":[{"embeddable":true,"href":"https:\/\/bibel.thomashieke.de\/index.php?rest_route=\/wp\/v2\/users\/1"}],"replies":[{"embeddable":true,"href":"https:\/\/bibel.thomashieke.de\/index.php?rest_route=%2Fwp%2Fv2%2Fcomments&post=59"}],"version-history":[{"count":16,"href":"https:\/\/bibel.thomashieke.de\/index.php?rest_route=\/wp\/v2\/pages\/59\/revisions"}],"predecessor-version":[{"id":569,"href":"https:\/\/bibel.thomashieke.de\/index.php?rest_route=\/wp\/v2\/pages\/59\/revisions\/569"}],"wp:attachment":[{"href":"https:\/\/bibel.thomashieke.de\/index.php?rest_route=%2Fwp%2Fv2%2Fmedia&parent=59"}],"curies":[{"name":"wp","href":"https:\/\/api.w.org\/{rel}","templated":true}]}}