{"id":52,"date":"2012-04-09T16:00:05","date_gmt":"2012-04-09T14:00:05","guid":{"rendered":"http:\/\/bibel.thomashieke.de\/?page_id=52"},"modified":"2021-02-13T12:22:03","modified_gmt":"2021-02-13T11:22:03","slug":"organisationen","status":"publish","type":"page","link":"https:\/\/bibel.thomashieke.de\/?page_id=52","title":{"rendered":"Organisationen"},"content":{"rendered":"\n<p>f\u00fcr die Bibelwissenschaft:<\/p>\n\n\n\n<p><span style=\"color: #ff0000;\">\u2022 <\/span>Die Deutsche Bibelgesellschaft: <a rel=\"noopener\" href=\"http:\/\/www.dbg.de\/\" target=\"_blank\">http:\/\/www.dbg.de\/<\/a><\/p>\n\n\n\n<p><span style=\"color: #ff0000;\">\u2022 <\/span>Katholisches Bibelwerk Stuttgart: <a rel=\"noopener\" href=\"http:\/\/www.bibelwerk.de\/\" target=\"_blank\">http:\/\/www.bibelwerk.de\/<\/a><\/p>\n\n\n\n<p>Das \u00d6sterreichische Katholische Bibelwerk: <a rel=\"noopener\" href=\"http:\/\/www.bibelwerk.at\/\" target=\"_blank\">http:\/\/www.bibelwerk.at\/<\/a><\/p>\n\n\n\n<p><span style=\"color: #ff0000;\">\u2022 <\/span>Society of Biblical Literature: <a rel=\"noopener\" href=\"http:\/\/www.sbl-site.org\" target=\"_blank\">http:\/\/www.sbl-site.org<\/a><\/p>\n\n\n\n<p>Rezensionen im Internet: <a rel=\"noreferrer noopener\" href=\"https:\/\/www.sblcentral.org\/home\" target=\"_blank\">https:\/\/www.sblcentral.org\/home<\/a> (ehemals bookreviews.org; die Rezensionen sind nun \u00fcber die Suchfunktion in SBL Central f\u00fcr SBL-Mitglieder zug\u00e4nglich)<\/p>\n\n\n\n<p>Catholic Biblical Association (Washington, D.C.): <a rel=\"noopener\" href=\"http:\/\/catholicbiblical.org\" target=\"_blank\">http:\/\/catholicbiblical.org<\/a><\/p>\n\n\n\n<p>American Bible Society: <a rel=\"noopener\" href=\"http:\/\/www.americanbible.org\/\" target=\"_blank\">http:\/\/www.americanbible.org\/<\/a><\/p>\n\n\n\n<p>European Association of Biblical Studies (EABS): <a rel=\"noopener\" href=\"https:\/\/www.eabs.net\" target=\"_blank\">https:\/\/www.eabs.net<\/a><\/p>\n\n\n\n<p>Association pour l&#8217;\u00e9tude de la litt\u00e9rature apocryphe chr\u00e9tienne (AELAC): <a rel=\"noopener\" href=\"http:\/\/www.unil.ch\/aelac\" target=\"_blank\">http:\/\/www.unil.ch\/aelac<\/a><\/p>\n\n\n\n<p>Arbeitsgemeinschaft der deutschsprachigen katholischen<br>Alttestamentlerinnen und Alttestamentler (AGAT): <a rel=\"noopener\" href=\"http:\/\/www.agat-online.org\" target=\"_blank\">http:\/\/www.agat-online.org<\/a><\/p>\n\n\n\n<p>The Jewish Bible Association: <a rel=\"noopener\" href=\"http:\/\/www.jewishbible.org\/\" target=\"_blank\">http:\/\/www.jewishbible.org\/<\/a><\/p>\n","protected":false},"excerpt":{"rendered":"<p>f\u00fcr die Bibelwissenschaft: \u2022 Die Deutsche Bibelgesellschaft: http:\/\/www.dbg.de\/ \u2022 Katholisches Bibelwerk Stuttgart: http:\/\/www.bibelwerk.de\/ Das \u00d6sterreichische Katholische Bibelwerk: http:\/\/www.bibelwerk.at\/ \u2022 Society of Biblical Literature: http:\/\/www.sbl-site.org Rezensionen im Internet: https:\/\/www.sblcentral.org\/home (ehemals bookreviews.org; die Rezensionen sind nun \u00fcber die Suchfunktion in SBL Central &hellip; <a href=\"https:\/\/bibel.thomashieke.de\/?page_id=52\">Weiterlesen <span class=\"meta-nav\">&rarr;<\/span><\/a><\/p>\n","protected":false},"author":1,"featured_media":0,"parent":0,"menu_order":6,"comment_status":"closed","ping_status":"closed","template":"","meta":{"footnotes":""},"class_list":["post-52","page","type-page","status-publish","hentry"],"_links":{"self":[{"href":"https:\/\/bibel.thomashieke.de\/index.php?rest_route=\/wp\/v2\/pages\/52","targetHints":{"allow":["GET"]}}],"collection":[{"href":"https:\/\/bibel.thomashieke.de\/index.php?rest_route=\/wp\/v2\/pages"}],"about":[{"href":"https:\/\/bibel.thomashieke.de\/index.php?rest_route=\/wp\/v2\/types\/page"}],"author":[{"embeddable":true,"href":"https:\/\/bibel.thomashieke.de\/index.php?rest_route=\/wp\/v2\/users\/1"}],"replies":[{"embeddable":true,"href":"https:\/\/bibel.thomashieke.de\/index.php?rest_route=%2Fwp%2Fv2%2Fcomments&post=52"}],"version-history":[{"count":14,"href":"https:\/\/bibel.thomashieke.de\/index.php?rest_route=\/wp\/v2\/pages\/52\/revisions"}],"predecessor-version":[{"id":565,"href":"https:\/\/bibel.thomashieke.de\/index.php?rest_route=\/wp\/v2\/pages\/52\/revisions\/565"}],"wp:attachment":[{"href":"https:\/\/bibel.thomashieke.de\/index.php?rest_route=%2Fwp%2Fv2%2Fmedia&parent=52"}],"curies":[{"name":"wp","href":"https:\/\/api.w.org\/{rel}","templated":true}]}}