{"id":50,"date":"2012-04-09T15:59:11","date_gmt":"2012-04-09T13:59:11","guid":{"rendered":"http:\/\/bibel.thomashieke.de\/?page_id=50"},"modified":"2021-02-13T12:08:38","modified_gmt":"2021-02-13T11:08:38","slug":"elektronische-zeitschriften","status":"publish","type":"page","link":"https:\/\/bibel.thomashieke.de\/?page_id=50","title":{"rendered":"Elektronische Zeitschriften"},"content":{"rendered":"\n<p><strong>\u00dcberblicke, Indexe und Zusammenfassungen:<\/strong><\/p>\n\n\n\n<p><strong>JSTOR<\/strong>: Plattform f\u00fcr digitalisierte Aufs\u00e4tze: <a rel=\"noopener noreferrer\" href=\"https:\/\/www.jstor.org\/\" target=\"_blank\">https:\/\/www.jstor.org\/<\/a><\/p>\n\n\n\n<p><strong>Society of Biblical Literature<\/strong>, elektronisch verf\u00fcgbare Zeitschriften:&nbsp;<a rel=\"noopener noreferrer\" href=\"https:\/\/www.sbl-site.org\/Publications\/browsejournals.aspx\" target=\"_blank\">https:\/\/www.sbl-site.org\/Publications\/browsejournals.aspx<\/a><\/p>\n\n\n\n<p>Tables of Contents of Journals of Interest to Classicists: <a rel=\"noopener\" href=\"http:\/\/www.chass.utoronto.ca\/amphoras\/tocs.html\" target=\"_blank\">http:\/\/www.chass.utoronto.ca\/amphoras\/tocs.html<\/a><\/p>\n\n\n\n<hr class=\"wp-block-separator\"\/>\n\n\n\n<p><strong>Online-Zeitschriften (in alphabetischer Reihenfolge):<\/strong><\/p>\n\n\n\n<p><strong>Bibel heute<\/strong> (Katholisches Bibelwerk): <a rel=\"noopener\" href=\"http:\/\/www.bibelheute.de\" target=\"_blank\">http:\/\/www.bibelheute.de<\/a> <\/p>\n\n\n\n<p>Die <strong>Bibel in der Kunst<\/strong> (BiKu)\/Bible in the Arts (BiA):\u00a0<a rel=\"noopener noreferrer\" href=\"http:\/\/www.bibelwissenschaft.de\/die-bibel-in-der-kunst\/\" target=\"_blank\">http:\/\/www.bibelwissenschaft.de\/die-bibel-in-der-kunst\/<\/a><\/p>\n\n\n\n<p><strong>Bibel und Kirche<\/strong> (Katholisches Bibelwerk): <a rel=\"noopener\" href=\"http:\/\/www.bibelundkirche.de\" target=\"_blank\">http:\/\/www.bibelundkirche.de<\/a><\/p>\n\n\n\n<p>Online-Rezensionen der Zeitschrift <strong>Bibel und Kirche<\/strong>: <a rel=\"noopener\" href=\"https:\/\/biblische-buecherschau.de\/\" target=\"_blank\">https:\/\/biblische-buecherschau.de\/<\/a><\/p>\n\n\n\n<p>The <strong>Bible and Interpretation<\/strong>: Ein elektronisches Magazin f\u00fcr Studien zur Bibel (mit dem Schwerpunkt auf arch\u00e4ologische Arbeiten): <a rel=\"noopener\" href=\"http:\/\/www.bibleinterp.com\" target=\"_blank\">http:\/\/www.bibleinterp.com<\/a><\/p>\n\n\n\n<p><strong>Biblica <\/strong>(Rom): <a rel=\"noopener\" href=\"http:\/\/www.bsw.org\/project\/biblica\/\" target=\"_blank\">http:\/\/www.bsw.org\/project\/biblica\/<\/a> (vgl. auch Biblical Studies on the Web: <a rel=\"noopener\" href=\"http:\/\/www.bsw.org\/\" target=\"_blank\">http:\/\/www.bsw.org\/<\/a>)<\/p>\n\n\n\n<p><strong>Biblical Archaeology Review<\/strong>: <a rel=\"noopener\" href=\"https:\/\/www.biblicalarchaeology.org\/\" target=\"_blank\">https:\/\/www.biblicalarchaeology.org\/<\/a><\/p>\n\n\n\n<p>The <strong>Jewish Bible Quarterly<\/strong> (JBQ): <a rel=\"noopener\" href=\"https:\/\/jbqnew.jewishbible.org\/\" target=\"_blank\">https:\/\/jbqnew.jewishbible.org\/<\/a><\/p>\n\n\n\n<p><strong>Journal for Interdisciplinary Biblical Studies<\/strong>: <a rel=\"noreferrer noopener\" href=\"https:\/\/jibs.group.shef.ac.uk\/\" target=\"_blank\">https:\/\/jibs.group.shef.ac.uk\/<\/a><\/p>\n\n\n\n<p><strong>Journal of Greco-Roman Christianity and Judaism<\/strong>: <a rel=\"noopener\" href=\"http:\/\/www.jgrchj.net\/\" target=\"_blank\">http:\/\/www.jgrchj.net\/<\/a><\/p>\n\n\n\n<p>The <strong>Journal of Hebrew Scriptures<\/strong>:&nbsp;<a rel=\"noopener noreferrer\" href=\"http:\/\/www.jhsonline.org\/\" target=\"_blank\">http:\/\/www.jhsonline.org\/<\/a><\/p>\n\n\n\n<p>Fachzeitschrift f\u00fcr feministische Bibelauslegung (<strong>lectio<\/strong>): <a rel=\"noopener\" href=\"http:\/\/www.lectio.unibe.ch\" target=\"_blank\">http:\/\/www.lectio.unibe.ch<\/a><\/p>\n\n\n\n<p><strong>Old Testament Essays<\/strong>: <a rel=\"noreferrer noopener\" href=\"https:\/\/ote-journal.otwsa-otssa.org.za\/index.php\/journal\" target=\"_blank\">https:\/\/ote-journal.otwsa-otssa.org.za\/index.php\/journal<\/a><\/p>\n\n\n\n<p><strong>Protokolle zur Bibel<\/strong>: <a rel=\"noopener noreferrer\" href=\"http:\/\/www.protokollezurbibel.at\/\" target=\"_blank\">http:\/\/www.protokollezurbibel.at\/<\/a><\/p>\n\n\n\n<p><strong>Relegere<\/strong>: Studies in Religion and Reception: <a rel=\"noreferrer noopener\" href=\"https:\/\/relegere.org\/relegere\" target=\"_blank\">https:\/\/relegere.org\/relegere<\/a>\/<\/p>\n\n\n\n<p>Englischsprachige Zeitschrift zum Thema &#8222;Textkritik&#8220; (<strong>Textual Criticism<\/strong>): <a rel=\"noopener\" href=\"http:\/\/purl.org\/TC\" target=\"_blank\">http:\/\/purl.org\/TC<\/a> (mit Bookreviews!)<\/p>\n\n\n\n<p><strong>Theologische Revue<\/strong>: <a rel=\"noreferrer noopener\" href=\"http:\/\/www.theologische-revue.de\/\" target=\"_blank\">http:\/\/www.theologische-revue.de\/<\/a><\/p>\n\n\n\n<p><strong>Vulgata in Dialogue<\/strong>, eine internationale wissenschaftliche Online-Zeitschrift mit offenem Zugang; Artikel zur Bibelexegese oder \u00fcber theologische, sprachwissenschaftliche, historische und interdisziplin\u00e4re Themen, die einen direkten oder indirekten Bezug zur Biblia Sacra Vulgata haben: <a rel=\"noreferrer noopener\" href=\"https:\/\/vulgata-dialog.ch\/\" target=\"_blank\">https:\/\/vulgata-dialog.ch\/<\/a><\/p>\n\n\n\n<p><strong>Welt und Umwelt der Bibel<\/strong> (Katholisches Bibelwerk): <a rel=\"noopener\" href=\"http:\/\/www.weltundumweltderbibel.de\" target=\"_blank\">http:\/\/www.weltundumweltderbibel.de<\/a><\/p>\n","protected":false},"excerpt":{"rendered":"<p>\u00dcberblicke, Indexe und Zusammenfassungen: JSTOR: Plattform f\u00fcr digitalisierte Aufs\u00e4tze: https:\/\/www.jstor.org\/ Society of Biblical Literature, elektronisch verf\u00fcgbare Zeitschriften:&nbsp;https:\/\/www.sbl-site.org\/Publications\/browsejournals.aspx Tables of Contents of Journals of Interest to Classicists: http:\/\/www.chass.utoronto.ca\/amphoras\/tocs.html Online-Zeitschriften (in alphabetischer Reihenfolge): Bibel heute (Katholisches Bibelwerk): http:\/\/www.bibelheute.de Die Bibel in der &hellip; <a href=\"https:\/\/bibel.thomashieke.de\/?page_id=50\">Weiterlesen <span class=\"meta-nav\">&rarr;<\/span><\/a><\/p>\n","protected":false},"author":1,"featured_media":0,"parent":45,"menu_order":1,"comment_status":"closed","ping_status":"closed","template":"","meta":{"footnotes":""},"class_list":["post-50","page","type-page","status-publish","hentry"],"_links":{"self":[{"href":"https:\/\/bibel.thomashieke.de\/index.php?rest_route=\/wp\/v2\/pages\/50","targetHints":{"allow":["GET"]}}],"collection":[{"href":"https:\/\/bibel.thomashieke.de\/index.php?rest_route=\/wp\/v2\/pages"}],"about":[{"href":"https:\/\/bibel.thomashieke.de\/index.php?rest_route=\/wp\/v2\/types\/page"}],"author":[{"embeddable":true,"href":"https:\/\/bibel.thomashieke.de\/index.php?rest_route=\/wp\/v2\/users\/1"}],"replies":[{"embeddable":true,"href":"https:\/\/bibel.thomashieke.de\/index.php?rest_route=%2Fwp%2Fv2%2Fcomments&post=50"}],"version-history":[{"count":22,"href":"https:\/\/bibel.thomashieke.de\/index.php?rest_route=\/wp\/v2\/pages\/50\/revisions"}],"predecessor-version":[{"id":556,"href":"https:\/\/bibel.thomashieke.de\/index.php?rest_route=\/wp\/v2\/pages\/50\/revisions\/556"}],"up":[{"embeddable":true,"href":"https:\/\/bibel.thomashieke.de\/index.php?rest_route=\/wp\/v2\/pages\/45"}],"wp:attachment":[{"href":"https:\/\/bibel.thomashieke.de\/index.php?rest_route=%2Fwp%2Fv2%2Fmedia&parent=50"}],"curies":[{"name":"wp","href":"https:\/\/api.w.org\/{rel}","templated":true}]}}