{"id":48,"date":"2012-04-09T15:58:16","date_gmt":"2012-04-09T13:58:16","guid":{"rendered":"http:\/\/bibel.thomashieke.de\/?page_id=48"},"modified":"2023-08-25T13:19:08","modified_gmt":"2023-08-25T11:19:08","slug":"sekundarliteratur","status":"publish","type":"page","link":"https:\/\/bibel.thomashieke.de\/?page_id=48","title":{"rendered":"Hinweise auf Sekund\u00e4rliteratur"},"content":{"rendered":"\n<p>\u2022 Index Theologicus (Zeitschrifteninhaltsdienst Theologie): <a rel=\"noreferrer noopener\" href=\"https:\/\/www.ixtheo.de\/\" target=\"_blank\">http:\/\/www.ixtheo.de\/<\/a> <\/p>\n\n\n\n<div class=\"wp-block-columns is-layout-flex wp-container-core-columns-is-layout-9d6595d7 wp-block-columns-is-layout-flex\">\n<div class=\"wp-block-column is-layout-flow wp-block-column-is-layout-flow\" style=\"flex-basis:100%\">\n<p><input type='hidden' bg_collapse_expand='69f0d619a971d2001665417' value='69f0d619a971d2001665417'><input type='hidden' id='bg-show-more-text-69f0d619a971d2001665417' value='Mehr Informationen'><input type='hidden' id='bg-show-less-text-69f0d619a971d2001665417' value='Schlie\u00dfen'><a id='bg-showmore-action-69f0d619a971d2001665417' class='bg-showmore-plg-link  '  style=\" color:#0717f7;\" href='#'>Mehr Informationen<\/a><\/ul><ul class='bg-showmore-no-padding-no-margin' id='bg-showmore-hidden-69f0d619a971d2001665417' > Der Index Theologicus (IxTheo) ist eine internationale Bibliographie f\u00fcr Theologie und Religionswissenschaft, die Monographien und Artikel in Zeitschriften, Sammelwerken und Festschriften erfasst. In dieser Bibliographie lassen sich auch Publikationen zu bestimmten Bibelstellen gezielt suchen. Vor der Suche muss der Suchaspekt \u201eAlle Felder\u201c auf \u201eBibelstellen\u201c umgestellt werden. Die Ergebnisse sind nicht chronologisch, sondern nach Relevanz sortiert. Folgende Vorgehensweise ist zu empfehlen: <\/p>\n\n\n\n<ol class=\"wp-block-list\">\n<li>Als Suchbegriff sollte man nur ein Bibelkapitel eingeben, keine Verse (also z.B. nur &#8222;Joh 1&#8220;)<\/li>\n\n\n\n<li>Die Ergebnisliste kann man dann nach Erscheinungsjahren filtern, f\u00fcr die neuesten Titel, die man ja in der Regel sucht, kann man das Erscheinungsjahr beispielsweise auf den Zeitraum 2010 bis 2021 einstellen.<\/li>\n\n\n\n<li>Die Sortierung nach Relevanz ist besser, als es zun\u00e4chst erscheint. Erfahrungsgem\u00e4\u00df merkt man nach 10 bis 20 Eintr\u00e4gen, dass die Relevanz so stark abnimmt, dass man die restlichen Ergebnisse vernachl\u00e4ssigen kann.<\/li>\n\n\n\n<li>Dieses <a rel=\"noreferrer noopener\" href=\"https:\/\/video.uni-mainz.de\/Panopto\/Pages\/Viewer.aspx?id=b907243f-54b0-4fd7-9ca7-ab8d00e7ddf9\" target=\"_blank\">Video<\/a> erkl\u00e4rt, wie man derzeit (Stand: Juni 2021) mit IxTheo und dem kostenfreien Literaturverwaltungsprogramm Zotero arbeiten kann.<\/ul><ul style='margin-top:0;margin-bottom:0'><\/li>\n<\/ol>\n<\/div>\n<\/div>\n\n\n\n<p><span style=\"color: #ff0000;\">\u2022 <\/span>Biblische Bibliographie Lausanne (eine mit interessanten Such- und Exportm\u00f6glichkeiten versehene Literaturdatenbank zur Bibelwissenschaft): <a rel=\"noopener noreferrer\" href=\"https:\/\/bibil.unil.ch\" target=\"_blank\">https:\/\/bibil.unil.ch<\/a> <\/p>\n\n\n\n<div class=\"wp-block-columns is-layout-flex wp-container-core-columns-is-layout-9d6595d7 wp-block-columns-is-layout-flex\">\n<div class=\"wp-block-column is-layout-flow wp-block-column-is-layout-flow\" style=\"flex-basis:100%\">\n<input type='hidden' bg_collapse_expand='69f0d619a99cf0098878712' value='69f0d619a99cf0098878712'><input type='hidden' id='bg-show-more-text-69f0d619a99cf0098878712' value='Mehr Informationen'><input type='hidden' id='bg-show-less-text-69f0d619a99cf0098878712' value='Schlie\u00dfen'><a id='bg-showmore-action-69f0d619a99cf0098878712' class='bg-showmore-plg-link  '  style=\" color:#0717f7;\" href='#'>Mehr Informationen<\/a><\/ul><ul class='bg-showmore-no-padding-no-margin' id='bg-showmore-hidden-69f0d619a99cf0098878712' > Die Biblische Bibliographie Lausanne (Bibliographie Biblique Informatis\u00e9e de Lausanne) wird vom Institut romand des sciences bibliques betrieben. Auf der Startseite kann man die Suchmaske auf die Sprachen Englisch, Franz\u00f6sisch oder Deutsch einstellen. Unter dem Reiter \u201eErweiterte Suche\u201c gibt es ein Feld \u201eBibelstelle\u201c. Hier empfiehlt es sich, zun\u00e4chst die Anfangsbuchstaben des biblischen Buches einzutippen und dann auf das graue Feld am Ende der Zeile zu klicken (z.B. \u201eLev\u201c). Es \u00f6ffnet sich unter der Zeile ein farbig hinterlegtes Feld, das eine pr\u00e4zisere Auswahl erm\u00f6glicht (z.B. \u201eGamalie<em>lev<\/em>angelium\u201c, \u201e<em>Lev<\/em>itikus\u201c, \u201eTestament <em>Lev<\/em>is\u201c). Nach Auswahl des gew\u00fcnschten Buches (z.B. \u201eLevitikus\u201c) kann man das Kapitel bzw. den Kapitelbereich angeben. Schlie\u00dflich klickt man auf \u201eSuchen\u201c. Die Suchergebnisse k\u00f6nnen nach diversen Kriterien gefiltert bzw. sortiert werden. Neben dem Suchfeld \u201eBibelstelle\u201c und den \u00fcblichen anderen Suchfeldern (z.B. \u201eAutor\u201c, \u201eTitel\u201c, \u201eJahr\u201c usw.) erm\u00f6glichen zwei weitere Felder die Eingabe hebr\u00e4ischer oder griechischer Lexeme mithilfe einer virtuellen Tastatur. Am 19. M\u00e4rz 2019 lieferte BiBIL zum Suchbegriff \u201ePsalm 23\u201c 73 Resultate.<\/ul><ul style='margin-top:0;margin-bottom:0'>\n<\/div>\n<\/div>\n\n\n\n<p>RAMBI: Index of Articles on Jewish Studies (The National Library of Israel): <a href=\"https:\/\/www.nli.org.il\/en\/research-and-teach\/catalogs\/bibliographic-databases\/rambi\" target=\"_blank\" rel=\"noreferrer noopener\">https:\/\/www.nli.org.il\/en\/research-and-teach\/catalogs\/bibliographic-databases\/rambi<\/a> (Auf der Startseite auf &#8222;Search RAMBI&#8220; klicken; in die Suchzeile &#8222;search anything&#8220; kann man Namen oder auch Bibelstellen, \u00e4hnlich wie beim IxTheo, eingeben)<\/p>\n\n\n\n<p>Viele Bibelwissenschaftlerinnen und Bibelwissenschaftler weltweit machen ihre Arbeiten auf <a href=\"http:\/\/academia.edu\" target=\"_blank\" rel=\"noreferrer noopener\">Academia.edu<\/a> frei zug\u00e4nglich.<\/p>\n\n\n\n<p>\u2022&nbsp;Analytische Bibliographie zum Buch Deuternomium (Georg Braulik und Norbert Lohfink):&nbsp;<a href=\"http:\/\/anabideut.univie.ac.at\/\" target=\"_blank\" rel=\"noreferrer noopener\">http:\/\/anabideut.univie.ac.at\/<\/a><\/p>\n\n\n\n<p>Biblische Literaturdokumentation Innsbruck (BILDI):&nbsp;<a href=\"https:\/\/www.uibk.ac.at\/bildi\/\" target=\"_blank\" rel=\"noreferrer noopener\">https:\/\/www.uibk.ac.at\/bildi\/<\/a>&nbsp;\u2013 BILDI wurde Anfang 2019 in den Index Theologicus \u00fcbergef\u00fchrt.<\/p>\n\n\n\n<p>\u2022&nbsp;Karlsruher Virtueller Katalog:&nbsp;<a href=\"http:\/\/anabideut.univie.ac.at\/\" target=\"_blank\" rel=\"noreferrer noopener\">http:\/\/www.ubka.uni-karlsruhe.de\/kvk.html<\/a><\/p>\n\n\n\n<p>Bibliographien zu alttestamentlichen Themen mit Linksammelseite (Charles Conroy):&nbsp;<a href=\"https:\/\/www.cjconroy.net\/bibliog.htm\" target=\"_blank\" rel=\"noreferrer noopener\">https:\/\/www.cjconroy.net\/bibliog.htm<\/a><\/p>\n\n\n\n<p>Harvard University Library Resources (Katalog der Harvard- Universit\u00e4t):&nbsp;<a href=\"https:\/\/library.harvard.edu\/\" target=\"_blank\" rel=\"noreferrer noopener\">https:\/\/library.harvard.edu\/<\/a><\/p>\n\n\n\n<p>Bibliographies on the Net:&nbsp;<a href=\"https:\/\/library.ucalgary.ca\/c.php?g=698151&amp;p=4965566\" target=\"_blank\" rel=\"noreferrer noopener\">https:\/\/library.ucalgary.ca\/c.php?g=698151&amp;p=4965566<\/a><\/p>\n\n\n\n<p>Open Access Digital Theological Library:\u00a0<a href=\"https:\/\/libguides.thedtl.org\/oadtl\" target=\"_blank\" rel=\"noreferrer noopener\">https:\/\/libguides.thedtl.org\/oadtl <\/a><\/p>\n\n\n\n<p>Archiv der Society of Biblical Literature Seminar Papers (SBL SP): <a href=\"https:\/\/digital.pitts.emory.edu\/s\/digital-collections\/discover?sort=dcterms_coverage_t_sort%20asc&amp;limit%5Bitem_set_ss%5D%5B0%5D=Society%20of%20Biblical%20Literature%20Annual%20Meeting%20Seminar%20Papers\" target=\"_blank\" rel=\"noreferrer noopener\">https:\/\/digital.pitts.emory.edu\/s\/digital-collections\/discover?sort=dcterms_coverage_t_sort%20asc&amp;limit%5Bitem_set_ss%5D%5B0%5D=Society%20of%20Biblical%20Literature%20Annual%20Meeting%20Seminar%20Papers<\/a> <\/p>\n","protected":false},"excerpt":{"rendered":"<p>\u2022 Index Theologicus (Zeitschrifteninhaltsdienst Theologie): http:\/\/www.ixtheo.de\/ \u2022 Biblische Bibliographie Lausanne (eine mit interessanten Such- und Exportm\u00f6glichkeiten versehene Literaturdatenbank zur Bibelwissenschaft): https:\/\/bibil.unil.ch RAMBI: Index of Articles on Jewish Studies (The National Library of Israel): https:\/\/www.nli.org.il\/en\/research-and-teach\/catalogs\/bibliographic-databases\/rambi (Auf der Startseite auf &#8222;Search RAMBI&#8220; &hellip; <a href=\"https:\/\/bibel.thomashieke.de\/?page_id=48\">Weiterlesen <span class=\"meta-nav\">&rarr;<\/span><\/a><\/p>\n","protected":false},"author":1,"featured_media":0,"parent":45,"menu_order":0,"comment_status":"closed","ping_status":"closed","template":"","meta":{"footnotes":""},"class_list":["post-48","page","type-page","status-publish","hentry"],"_links":{"self":[{"href":"https:\/\/bibel.thomashieke.de\/index.php?rest_route=\/wp\/v2\/pages\/48","targetHints":{"allow":["GET"]}}],"collection":[{"href":"https:\/\/bibel.thomashieke.de\/index.php?rest_route=\/wp\/v2\/pages"}],"about":[{"href":"https:\/\/bibel.thomashieke.de\/index.php?rest_route=\/wp\/v2\/types\/page"}],"author":[{"embeddable":true,"href":"https:\/\/bibel.thomashieke.de\/index.php?rest_route=\/wp\/v2\/users\/1"}],"replies":[{"embeddable":true,"href":"https:\/\/bibel.thomashieke.de\/index.php?rest_route=%2Fwp%2Fv2%2Fcomments&post=48"}],"version-history":[{"count":48,"href":"https:\/\/bibel.thomashieke.de\/index.php?rest_route=\/wp\/v2\/pages\/48\/revisions"}],"predecessor-version":[{"id":621,"href":"https:\/\/bibel.thomashieke.de\/index.php?rest_route=\/wp\/v2\/pages\/48\/revisions\/621"}],"up":[{"embeddable":true,"href":"https:\/\/bibel.thomashieke.de\/index.php?rest_route=\/wp\/v2\/pages\/45"}],"wp:attachment":[{"href":"https:\/\/bibel.thomashieke.de\/index.php?rest_route=%2Fwp%2Fv2%2Fmedia&parent=48"}],"curies":[{"name":"wp","href":"https:\/\/api.w.org\/{rel}","templated":true}]}}