{"id":45,"date":"2012-04-09T15:57:18","date_gmt":"2012-04-09T13:57:18","guid":{"rendered":"http:\/\/bibel.thomashieke.de\/?page_id=45"},"modified":"2021-02-13T11:05:22","modified_gmt":"2021-02-13T10:05:22","slug":"literatur","status":"publish","type":"page","link":"https:\/\/bibel.thomashieke.de\/?page_id=45","title":{"rendered":"Literatur"},"content":{"rendered":"\n<p><a title=\"Sekund\u00e4rliteratur\" href=\"https:\/\/bibel.thomashieke.de\/?page_id=48\">Zug\u00e4nge zu Sekund\u00e4rliteratur<\/a> (z.B. IxTheo, BiBIL, BILDI usw.)<\/p>\n\n\n\n<p><a title=\"Elektronische Zeitschriften\" href=\"https:\/\/bibel.thomashieke.de\/?page_id=50\">Elektronische Zeitschriften<\/a><\/p>\n\n\n\n<p><a href=\"https:\/\/bibel.thomashieke.de\/?page_id=415\" target=\"_blank\" rel=\"noreferrer noopener\">Elektronische B\u00fccher und Lexika<\/a><\/p>\n","protected":false},"excerpt":{"rendered":"<p>Zug\u00e4nge zu Sekund\u00e4rliteratur (z.B. IxTheo, BiBIL, BILDI usw.) Elektronische Zeitschriften Elektronische B\u00fccher und Lexika<\/p>\n","protected":false},"author":1,"featured_media":0,"parent":0,"menu_order":4,"comment_status":"closed","ping_status":"closed","template":"","meta":{"footnotes":""},"class_list":["post-45","page","type-page","status-publish","hentry"],"_links":{"self":[{"href":"https:\/\/bibel.thomashieke.de\/index.php?rest_route=\/wp\/v2\/pages\/45","targetHints":{"allow":["GET"]}}],"collection":[{"href":"https:\/\/bibel.thomashieke.de\/index.php?rest_route=\/wp\/v2\/pages"}],"about":[{"href":"https:\/\/bibel.thomashieke.de\/index.php?rest_route=\/wp\/v2\/types\/page"}],"author":[{"embeddable":true,"href":"https:\/\/bibel.thomashieke.de\/index.php?rest_route=\/wp\/v2\/users\/1"}],"replies":[{"embeddable":true,"href":"https:\/\/bibel.thomashieke.de\/index.php?rest_route=%2Fwp%2Fv2%2Fcomments&post=45"}],"version-history":[{"count":6,"href":"https:\/\/bibel.thomashieke.de\/index.php?rest_route=\/wp\/v2\/pages\/45\/revisions"}],"predecessor-version":[{"id":532,"href":"https:\/\/bibel.thomashieke.de\/index.php?rest_route=\/wp\/v2\/pages\/45\/revisions\/532"}],"wp:attachment":[{"href":"https:\/\/bibel.thomashieke.de\/index.php?rest_route=%2Fwp%2Fv2%2Fmedia&parent=45"}],"curies":[{"name":"wp","href":"https:\/\/api.w.org\/{rel}","templated":true}]}}