{"id":422,"date":"2019-09-23T18:06:44","date_gmt":"2019-09-23T16:06:44","guid":{"rendered":"http:\/\/bibel.thomashieke.de\/?page_id=422"},"modified":"2024-01-02T12:56:27","modified_gmt":"2024-01-02T11:56:27","slug":"originalsprachliche-bibelausgaben-und-transkriptionen","status":"publish","type":"page","link":"https:\/\/bibel.thomashieke.de\/?page_id=422","title":{"rendered":"Originalsprachliche Bibelausgaben und Transkriptionen"},"content":{"rendered":"\n<ul class=\"wp-block-list\">\n<li>Die originalsprachlichen Bibelausgaben im Portal der Deutschen Bibelgesellschaft f\u00fcr die Bibelwissenschaft: <a rel=\"noreferrer noopener\" href=\"https:\/\/www.bibelwissenschaft.de\/online-bibeln\/ueber-die-online-bibeln\/\" target=\"_blank\">https:\/\/www.bibelwissenschaft.de\/online-bibeln\/ueber-die-online-bibeln\/<\/a> (Biblia Hebraica Stuttgartensia; Novum Testamentum Graece (28. Aufl.); UBS Greek New Testament; Septuaginta; Biblica Sacra Vulgata)<\/li>\n\n\n\n<li>Die Biblia Hebraica transcripta (BH<em>t <\/em>nach Wolfgang Richter): <a rel=\"noreferrer noopener\" href=\"http:\/\/www.bht.gwi.uni-muenchen.de\/\" target=\"_blank\">http:\/\/www.bht.gwi.uni-muenchen.de\/<\/a><\/li>\n\n\n\n<li>The Hebrew Bible Database (nach Eep Talstra): <a rel=\"noreferrer noopener\" href=\"http:\/\/etcbc.nl\/\" target=\"_blank\">http:\/\/etcbc.nl\/<\/a><\/li>\n<\/ul>\n\n\n\n<hr class=\"wp-block-separator has-alpha-channel-opacity\"\/>\n\n\n\n<ul class=\"wp-block-list\">\n<li>Daily Dose of Hebrew: Kurze englischsprachige Videos, die hebr\u00e4ische Bibelverse sprachlich erkl\u00e4ren und so helfen, das eigene Bibelhebr\u00e4isch lebendig zu halten: <a href=\"https:\/\/dailydoseofhebrew.com\/\" target=\"_blank\" rel=\"noreferrer noopener\">https:\/\/dailydoseofhebrew.com\/<\/a> <\/li>\n<\/ul>\n\n\n\n<ul class=\"wp-block-list\">\n<li>Daily Dose of Greek: Kurze englischsprachige Videos, die griechische Bibelverse sprachlich erkl\u00e4ren und so helfen, das eigene Bibelgriechisch lebendig zu halten: <a href=\"https:\/\/dailydoseofgreek.com\/\" target=\"_blank\" rel=\"noreferrer noopener\">https:\/\/dailydoseofgreek.com\/<\/a><\/li>\n<\/ul>\n","protected":false},"excerpt":{"rendered":"","protected":false},"author":1,"featured_media":0,"parent":26,"menu_order":4,"comment_status":"closed","ping_status":"closed","template":"","meta":{"footnotes":""},"class_list":["post-422","page","type-page","status-publish","hentry"],"_links":{"self":[{"href":"https:\/\/bibel.thomashieke.de\/index.php?rest_route=\/wp\/v2\/pages\/422","targetHints":{"allow":["GET"]}}],"collection":[{"href":"https:\/\/bibel.thomashieke.de\/index.php?rest_route=\/wp\/v2\/pages"}],"about":[{"href":"https:\/\/bibel.thomashieke.de\/index.php?rest_route=\/wp\/v2\/types\/page"}],"author":[{"embeddable":true,"href":"https:\/\/bibel.thomashieke.de\/index.php?rest_route=\/wp\/v2\/users\/1"}],"replies":[{"embeddable":true,"href":"https:\/\/bibel.thomashieke.de\/index.php?rest_route=%2Fwp%2Fv2%2Fcomments&post=422"}],"version-history":[{"count":5,"href":"https:\/\/bibel.thomashieke.de\/index.php?rest_route=\/wp\/v2\/pages\/422\/revisions"}],"predecessor-version":[{"id":660,"href":"https:\/\/bibel.thomashieke.de\/index.php?rest_route=\/wp\/v2\/pages\/422\/revisions\/660"}],"up":[{"embeddable":true,"href":"https:\/\/bibel.thomashieke.de\/index.php?rest_route=\/wp\/v2\/pages\/26"}],"wp:attachment":[{"href":"https:\/\/bibel.thomashieke.de\/index.php?rest_route=%2Fwp%2Fv2%2Fmedia&parent=422"}],"curies":[{"name":"wp","href":"https:\/\/api.w.org\/{rel}","templated":true}]}}