{"id":344,"date":"2018-05-27T18:13:48","date_gmt":"2018-05-27T16:13:48","guid":{"rendered":"http:\/\/bibel.thomashieke.de\/?page_id=344"},"modified":"2018-05-27T18:21:02","modified_gmt":"2018-05-27T16:21:02","slug":"impressum","status":"publish","type":"page","link":"https:\/\/bibel.thomashieke.de\/?page_id=344","title":{"rendered":"Impressum"},"content":{"rendered":"<p>Univ.-Prof. Dr. Thomas Hieke<br \/>\nS\u00e4gm\u00fchle 7<br \/>\n91275 Auerbach-Michelfeld<br \/>\nth@thomashieke.de<\/p>\n<p>Dienstadresse:<br \/>\nJohannes Gutenberg-Universit\u00e4t Mainz<br \/>\nFB 01, Katholisch-Theologische Fakult\u00e4t,\u00a0Abteilung Altes Testament<br \/>\nD-55099 Mainz<br \/>\nthieke@uni-mainz.de<\/p>\n","protected":false},"excerpt":{"rendered":"<p>Univ.-Prof. Dr. Thomas Hieke S\u00e4gm\u00fchle 7 91275 Auerbach-Michelfeld th@thomashieke.de Dienstadresse: Johannes Gutenberg-Universit\u00e4t Mainz FB 01, Katholisch-Theologische Fakult\u00e4t,\u00a0Abteilung Altes Testament D-55099 Mainz thieke@uni-mainz.de<\/p>\n","protected":false},"author":1,"featured_media":0,"parent":74,"menu_order":99,"comment_status":"closed","ping_status":"closed","template":"","meta":{"footnotes":""},"class_list":["post-344","page","type-page","status-publish","hentry"],"_links":{"self":[{"href":"https:\/\/bibel.thomashieke.de\/index.php?rest_route=\/wp\/v2\/pages\/344","targetHints":{"allow":["GET"]}}],"collection":[{"href":"https:\/\/bibel.thomashieke.de\/index.php?rest_route=\/wp\/v2\/pages"}],"about":[{"href":"https:\/\/bibel.thomashieke.de\/index.php?rest_route=\/wp\/v2\/types\/page"}],"author":[{"embeddable":true,"href":"https:\/\/bibel.thomashieke.de\/index.php?rest_route=\/wp\/v2\/users\/1"}],"replies":[{"embeddable":true,"href":"https:\/\/bibel.thomashieke.de\/index.php?rest_route=%2Fwp%2Fv2%2Fcomments&post=344"}],"version-history":[{"count":1,"href":"https:\/\/bibel.thomashieke.de\/index.php?rest_route=\/wp\/v2\/pages\/344\/revisions"}],"predecessor-version":[{"id":345,"href":"https:\/\/bibel.thomashieke.de\/index.php?rest_route=\/wp\/v2\/pages\/344\/revisions\/345"}],"up":[{"embeddable":true,"href":"https:\/\/bibel.thomashieke.de\/index.php?rest_route=\/wp\/v2\/pages\/74"}],"wp:attachment":[{"href":"https:\/\/bibel.thomashieke.de\/index.php?rest_route=%2Fwp%2Fv2%2Fmedia&parent=344"}],"curies":[{"name":"wp","href":"https:\/\/api.w.org\/{rel}","templated":true}]}}