{"id":26,"date":"2012-04-09T12:27:28","date_gmt":"2012-04-09T10:27:28","guid":{"rendered":"http:\/\/bibel.thomashieke.de\/?page_id=26"},"modified":"2022-11-09T17:51:09","modified_gmt":"2022-11-09T16:51:09","slug":"quellen","status":"publish","type":"page","link":"https:\/\/bibel.thomashieke.de\/?page_id=26","title":{"rendered":"Quellen"},"content":{"rendered":"\n<p><a title=\"Handschriften\/Textkritik\" href=\"https:\/\/bibel.thomashieke.de\/?page_id=215\">Handschriften\/Textkritik<\/a><\/p>\n\n\n\n<p><a title=\"Alter Orient\" href=\"https:\/\/bibel.thomashieke.de\/?page_id=217\">Alter Orient<\/a><\/p>\n\n\n\n<p><a title=\"Fr\u00fchjudentum und Fr\u00fchchristentum, weitere antike Texte\" href=\"https:\/\/bibel.thomashieke.de\/?page_id=218\">Fr\u00fchjudentum und Fr\u00fchchristentum, weitere antike Texte<\/a><\/p>\n\n\n\n<p><a href=\"https:\/\/bibel.thomashieke.de\/?page_id=422\" target=\"_blank\" rel=\"noopener noreferrer\">Originalsprachliche Bibelausgaben und Transkriptionen<\/a><\/p>\n\n\n\n<p><a title=\"\u00dcbersetzungen\" href=\"https:\/\/bibel.thomashieke.de\/?page_id=216\">\u00dcbersetzungen<\/a><\/p>\n\n\n\n<p>Koran: Siehe unter <a href=\"https:\/\/bibel.thomashieke.de\/?page_id=83\" target=\"_blank\" rel=\"noreferrer noopener\">Sonstiges<\/a><\/p>\n\n\n\n<p>Siehe auch:<\/p>\n\n\n\n<ul class=\"wp-block-list\">\n<li>Linksammelseite zur Bibel (Links zu originalsprachlichen Bibelausgaben, zu digitalisierten Handschriften und zu \u00dcbersetzungen): <a href=\"https:\/\/www.bibelentdeckungen.de\/texte-aus-der-zeit-jesu\/die-bibel-urtext-und-uebersetzungen\/\" target=\"_blank\" rel=\"noopener\">https:\/\/www.bibelentdeckungen.de\/texte-aus-der-zeit-jesu\/die-bibel-urtext-und-uebersetzungen\/<\/a><\/li>\n<\/ul>\n","protected":false},"excerpt":{"rendered":"<p>Handschriften\/Textkritik Alter Orient Fr\u00fchjudentum und Fr\u00fchchristentum, weitere antike Texte Originalsprachliche Bibelausgaben und Transkriptionen \u00dcbersetzungen Koran: Siehe unter Sonstiges Siehe auch:<\/p>\n","protected":false},"author":1,"featured_media":0,"parent":0,"menu_order":3,"comment_status":"closed","ping_status":"closed","template":"","meta":{"footnotes":""},"class_list":["post-26","page","type-page","status-publish","hentry"],"_links":{"self":[{"href":"https:\/\/bibel.thomashieke.de\/index.php?rest_route=\/wp\/v2\/pages\/26","targetHints":{"allow":["GET"]}}],"collection":[{"href":"https:\/\/bibel.thomashieke.de\/index.php?rest_route=\/wp\/v2\/pages"}],"about":[{"href":"https:\/\/bibel.thomashieke.de\/index.php?rest_route=\/wp\/v2\/types\/page"}],"author":[{"embeddable":true,"href":"https:\/\/bibel.thomashieke.de\/index.php?rest_route=\/wp\/v2\/users\/1"}],"replies":[{"embeddable":true,"href":"https:\/\/bibel.thomashieke.de\/index.php?rest_route=%2Fwp%2Fv2%2Fcomments&post=26"}],"version-history":[{"count":30,"href":"https:\/\/bibel.thomashieke.de\/index.php?rest_route=\/wp\/v2\/pages\/26\/revisions"}],"predecessor-version":[{"id":596,"href":"https:\/\/bibel.thomashieke.de\/index.php?rest_route=\/wp\/v2\/pages\/26\/revisions\/596"}],"wp:attachment":[{"href":"https:\/\/bibel.thomashieke.de\/index.php?rest_route=%2Fwp%2Fv2%2Fmedia&parent=26"}],"curies":[{"name":"wp","href":"https:\/\/api.w.org\/{rel}","templated":true}]}}