{"id":218,"date":"2014-02-27T22:36:45","date_gmt":"2014-02-27T21:36:45","guid":{"rendered":"http:\/\/bibel.thomashieke.de\/?page_id=218"},"modified":"2021-02-10T09:27:25","modified_gmt":"2021-02-10T08:27:25","slug":"fruhjudentum-und-fruhchristentum-weitere-antike-texte","status":"publish","type":"page","link":"https:\/\/bibel.thomashieke.de\/?page_id=218","title":{"rendered":"Fr\u00fchjudentum und Fr\u00fchchristentum, weitere antike Texte"},"content":{"rendered":"<ul>\n<li>The Leon Levy Dead Sea Scrolls Digital Library: <a href=\"https:\/\/www.deadseascrolls.org.il\/home\" target=\"_blank\" rel=\"noopener\">https:\/\/www.deadseascrolls.org.il\/home<\/a><\/li>\n<li>Eine gro\u00dfe Fundgrube j\u00fcdischer Texte zur Bibel (Mischna, Talmud, Midrasch, Targum, Raschi usw.) in Hebr\u00e4isch\/Aram\u00e4isch und Englisch:\u00a0<a href=\"https:\/\/www.sefaria.org\/texts\" target=\"_blank\" rel=\"noopener noreferrer\">https:\/\/www.sefaria.org\/texts<\/a><\/li>\n<li>Fr\u00fchj\u00fcdische Literatur: Links, Texte (u.a. Apokryphen und Pseudepigraphen), Informationen (Peter Kirby): <a href=\"https:\/\/www.sefaria.org\/texts\" target=\"_blank\" rel=\"noopener\">http:\/\/www.earlyjewishwritings.com\/<\/a><\/li>\n<li>Fr\u00fchchristliche Literatur: Links, Texte (u.a. Apokryphen, Pseudepigraphen, gnostische Literatur, Kirchenv\u00e4ter), Informationen (Peter Kirby): <a href=\"http:\/\/www.earlychristianwritings.com\/\" target=\"_blank\" rel=\"noopener\">http:\/\/www.earlychristianwritings.com\/<\/a><\/li>\n<li>Weitere Kirchenv\u00e4tertexte: <a href=\"http:\/\/www.newadvent.org\/fathers\/\" target=\"_blank\" rel=\"noopener\">http:\/\/www.newadvent.org\/fathers\/<\/a><\/li>\n<li>Antike Texte (The Perseus Project): <a href=\"http:\/\/www.perseus.tufts.edu\/hopper\/\" target=\"_blank\" rel=\"noopener noreferrer\">http:\/\/www.perseus.tufts.edu\/hopper\/<\/a><\/li>\n<li>Au\u00dferkanonische Literatur aus dem Umfeld des Neuen Testaments (Wieland Wilker):\u00a0<a href=\"http:\/\/www.willker.de\/wie\/\" target=\"_blank\" rel=\"noopener noreferrer\">http:\/\/www.willker.de\/wie\/<\/a>\u00a0 (Die Bibellinks-Seite wird nicht mehr aktualisiert.)<\/li>\n<li>Au\u00dferkanonische Literatur (insbesondere fr\u00fchj\u00fcdische Literatur) in englischer \u00dcbersetzung (meist R.H. Charles, Oxford 1913): <a href=\"http:\/\/www.willker.de\/wie\/\" target=\"_blank\" rel=\"noopener\">http:\/\/wesley.nnu.edu\/biblical_studies\/noncanon\/pseudepigrapha.htm<\/a><\/li>\n<li>The Online Critical Pseudepigrapha (electronic editions of the best critical texts of the &#8222;Old Testament&#8220; Pseudepigrapha and related literature): <a href=\"https:\/\/pseudepigrapha.org\/\" target=\"_blank\" rel=\"noopener\">https:\/\/pseudepigrapha.org\/<\/a><\/li>\n<li>Informationsservice &#8222;Gnomon&#8220; (Klassische Altertumswissenschaft): <a href=\"http:\/\/www.gnomon.ku-eichstaett.de\/Gnomon\/Gnomon.html\" target=\"_blank\" rel=\"noopener\">http:\/\/www.gnomon.ku-eichstaett.de\/Gnomon\/Gnomon.html<\/a><\/li>\n<li>Linksammelseite &#8222;Thomasevangelium&#8220;: <a href=\"http:\/\/users.misericordia.edu\/davies\/thomas\/Thomas.html\" target=\"_blank\" rel=\"noopener\">http:\/\/users.misericordia.edu\/davies\/thomas\/Thomas.html<\/a><\/li>\n<\/ul>\n","protected":false},"excerpt":{"rendered":"<p>The Leon Levy Dead Sea Scrolls Digital Library: https:\/\/www.deadseascrolls.org.il\/home Eine gro\u00dfe Fundgrube j\u00fcdischer Texte zur Bibel (Mischna, Talmud, Midrasch, Targum, Raschi usw.) in Hebr\u00e4isch\/Aram\u00e4isch und Englisch:\u00a0https:\/\/www.sefaria.org\/texts Fr\u00fchj\u00fcdische Literatur: Links, Texte (u.a. Apokryphen und Pseudepigraphen), Informationen (Peter Kirby): http:\/\/www.earlyjewishwritings.com\/ Fr\u00fchchristliche Literatur: &hellip; <a href=\"https:\/\/bibel.thomashieke.de\/?page_id=218\">Weiterlesen <span class=\"meta-nav\">&rarr;<\/span><\/a><\/p>\n","protected":false},"author":1,"featured_media":0,"parent":26,"menu_order":3,"comment_status":"closed","ping_status":"closed","template":"","meta":{"footnotes":""},"class_list":["post-218","page","type-page","status-publish","hentry"],"_links":{"self":[{"href":"https:\/\/bibel.thomashieke.de\/index.php?rest_route=\/wp\/v2\/pages\/218","targetHints":{"allow":["GET"]}}],"collection":[{"href":"https:\/\/bibel.thomashieke.de\/index.php?rest_route=\/wp\/v2\/pages"}],"about":[{"href":"https:\/\/bibel.thomashieke.de\/index.php?rest_route=\/wp\/v2\/types\/page"}],"author":[{"embeddable":true,"href":"https:\/\/bibel.thomashieke.de\/index.php?rest_route=\/wp\/v2\/users\/1"}],"replies":[{"embeddable":true,"href":"https:\/\/bibel.thomashieke.de\/index.php?rest_route=%2Fwp%2Fv2%2Fcomments&post=218"}],"version-history":[{"count":7,"href":"https:\/\/bibel.thomashieke.de\/index.php?rest_route=\/wp\/v2\/pages\/218\/revisions"}],"predecessor-version":[{"id":465,"href":"https:\/\/bibel.thomashieke.de\/index.php?rest_route=\/wp\/v2\/pages\/218\/revisions\/465"}],"up":[{"embeddable":true,"href":"https:\/\/bibel.thomashieke.de\/index.php?rest_route=\/wp\/v2\/pages\/26"}],"wp:attachment":[{"href":"https:\/\/bibel.thomashieke.de\/index.php?rest_route=%2Fwp%2Fv2%2Fmedia&parent=218"}],"curies":[{"name":"wp","href":"https:\/\/api.w.org\/{rel}","templated":true}]}}