{"id":216,"date":"2014-02-27T22:36:37","date_gmt":"2014-02-27T21:36:37","guid":{"rendered":"http:\/\/bibel.thomashieke.de\/?page_id=216"},"modified":"2026-04-27T13:51:39","modified_gmt":"2026-04-27T11:51:39","slug":"ubersetzungen","status":"publish","type":"page","link":"https:\/\/bibel.thomashieke.de\/?page_id=216","title":{"rendered":"\u00dcbersetzungen"},"content":{"rendered":"\n<ul class=\"wp-block-list\">\n<li>Eine Vielzahl von Bibel\u00fcbersetzungen in zahlreiche moderne Sprachen (mit einfachen Suchm\u00f6glichkeiten) bietet der Bibleserver: <a rel=\"noopener\" href=\"http:\/\/www.bibleserver.com\" target=\"_blank\">http:\/\/www.bibleserver.com<\/a>&nbsp;<span style=\"color: #ff0000;\"><span style=\"background-color:rgba(0, 0, 0, 0)\" class=\"has-inline-color has-black-color\">(auch die Einheits\u00fcbersetzung 2016!)<\/span><\/span><\/li>\n\n\n\n<li>Die &#8222;Bibel in gerechter Sprache&#8220;:&nbsp;<a rel=\"noopener noreferrer\" href=\"http:\/\/www.bibel-in-gerechter-sprache.de\/die-bibel\/bigs-online\/\" target=\"_blank\">http:\/\/www.bibel-in-gerechter-sprache.de\/die-bibel\/bigs-online\/<\/a><\/li>\n\n\n\n<li>Vorstellung mehrerer deutscher Bibel\u00fcbersetzungen zum Vergleich:&nbsp;<a rel=\"noopener noreferrer\" href=\"https:\/\/www.die-bibel.de\/bibeln\/bibelkenntnis\/wissen-bibeluebersetzung\/deutsche-bibeluebersetzungen-im-vergleich\/\" target=\"_blank\">https:\/\/www.die-bibel.de\/bibeln\/bibelkenntnis\/wissen-bibeluebersetzung\/deutsche-bibeluebersetzungen-im-vergleich\/<\/a><\/li>\n\n\n\n<li>\u00dcberblick \u00fcber die online zug\u00e4nglichen deutschen Bibel\u00fcbersetzungen:&nbsp;<a rel=\"noopener noreferrer\" href=\"https:\/\/www.die-bibel.de\/bibeln\/online-bibeln\/\" target=\"_blank\">https:\/\/www.die-bibel.de\/bibeln\/online-bibeln\/<\/a><\/li>\n\n\n\n<li>Zahlreiche Online-Bibeln, u.a. &#8222;Die Schrift&#8220; (M. Buber\/F. Rosenzweig):&nbsp;<a rel=\"noopener noreferrer\" href=\"http:\/\/www.obohu.cz\/bible\/index.php\" target=\"_blank\">http:\/\/www.obohu.cz\/bible\/index.php<\/a><\/li>\n\n\n\n<li>The New English Translation of the Septuagint (NETS): <a rel=\"noopener\" href=\"http:\/\/ccat.sas.upenn.edu\/nets\/edition\/\" target=\"_blank\">http:\/\/ccat.sas.upenn.edu\/nets\/edition\/<\/a> (PDF-Dokumente zum Herunterladen!)<\/li>\n\n\n\n<li>Bibel\u00fcbersetzungen in moderne Sprachen:\u00a0<a href=\"https:\/\/www.biblegateway.com\/\" target=\"_blank\" rel=\"noopener noreferrer\">https:\/\/www.biblegateway.com\/<\/a> Hier findet sich auch die &#8222;updated edition&#8220; der New Revised Standard Version (NRSVUE): <a href=\"https:\/\/www.biblegateway.com\/versions\/New-Revised-Standard-Version-Updated-Edition-NRSVue-Bible\" target=\"_blank\" rel=\"noreferrer noopener\">https:\/\/www.biblegateway.com\/versions\/New-Revised-Standard-Version-Updated-Edition-NRSVue-Bible<\/a><\/li>\n\n\n\n<li>The Bible Tool (open-source tool for biblical studies; v.a. f\u00fcr \u00dcbersetzungsvergleiche geeignet): <a rel=\"noreferrer noopener\" href=\"http:\/\/www2.crosswire.org\/study\/index.jsp\" target=\"_blank\">http:\/\/www2.crosswire.org\/study\/index.jsp<\/a><\/li>\n\n\n\n<li>Biblija (Bibelausgaben der United Bible Societies):  <a href=\"https:\/\/www.biblija.net\/\" target=\"_blank\" rel=\"noreferrer noopener\">https:\/\/www.biblija.net\/<\/a><\/li>\n\n\n\n<li>Sammlung englischer \u00dcbersetzungen religi\u00f6ser Texte &#8222;all over the world&#8220; (darunter auch zu Bibel, Christentum und Judentum): <a rel=\"noopener\" href=\"http:\/\/www.sacred-texts.com\/\" target=\"_blank\">http:\/\/www.sacred-texts.com\/<\/a><\/li>\n<\/ul>\n","protected":false},"excerpt":{"rendered":"","protected":false},"author":1,"featured_media":0,"parent":26,"menu_order":5,"comment_status":"closed","ping_status":"closed","template":"","meta":{"footnotes":""},"class_list":["post-216","page","type-page","status-publish","hentry"],"_links":{"self":[{"href":"https:\/\/bibel.thomashieke.de\/index.php?rest_route=\/wp\/v2\/pages\/216","targetHints":{"allow":["GET"]}}],"collection":[{"href":"https:\/\/bibel.thomashieke.de\/index.php?rest_route=\/wp\/v2\/pages"}],"about":[{"href":"https:\/\/bibel.thomashieke.de\/index.php?rest_route=\/wp\/v2\/types\/page"}],"author":[{"embeddable":true,"href":"https:\/\/bibel.thomashieke.de\/index.php?rest_route=\/wp\/v2\/users\/1"}],"replies":[{"embeddable":true,"href":"https:\/\/bibel.thomashieke.de\/index.php?rest_route=%2Fwp%2Fv2%2Fcomments&post=216"}],"version-history":[{"count":17,"href":"https:\/\/bibel.thomashieke.de\/index.php?rest_route=\/wp\/v2\/pages\/216\/revisions"}],"predecessor-version":[{"id":688,"href":"https:\/\/bibel.thomashieke.de\/index.php?rest_route=\/wp\/v2\/pages\/216\/revisions\/688"}],"up":[{"embeddable":true,"href":"https:\/\/bibel.thomashieke.de\/index.php?rest_route=\/wp\/v2\/pages\/26"}],"wp:attachment":[{"href":"https:\/\/bibel.thomashieke.de\/index.php?rest_route=%2Fwp%2Fv2%2Fmedia&parent=216"}],"curies":[{"name":"wp","href":"https:\/\/api.w.org\/{rel}","templated":true}]}}