{"id":2,"date":"2012-04-09T06:43:28","date_gmt":"2012-04-09T04:43:28","guid":{"rendered":"http:\/\/bibel.thomashieke.de\/?page_id=2"},"modified":"2025-05-15T08:12:23","modified_gmt":"2025-05-15T06:12:23","slug":"sample-page","status":"publish","type":"page","link":"https:\/\/bibel.thomashieke.de\/?page_id=2","title":{"rendered":"Neu"},"content":{"rendered":"\n<p>Eine Website, die gescannte Seiten mit hebr\u00e4ischem Text (PDF) in Unicode einlesen kann (OCR): <a href=\"https:\/\/ocr.pdfcandle.com\/heb\/index.html\" target=\"_blank\" rel=\"noreferrer noopener\">https:\/\/ocr.pdfcandle.com\/heb\/index.html<\/a> (Es funktioniert auch mit &#8222;gemischtem&#8220; Text dt.\/engl.\/hebr., der Aufwand zur Nachbearbeitung sollte aber nicht untersch\u00e4tzt werden.)<\/p>\n\n\n\n<p>Onlinedatenbank mit Personennamen auf epigraphischen Artefakten aus der Eisen-II-Zeit (Mitka R. Golub): <a href=\"https:\/\/onomasticon.net\" target=\"_blank\" rel=\"noreferrer noopener\">https:\/\/onomasticon.net<\/a> <\/p>\n\n\n\n<p><mark style=\"background-color:rgba(0, 0, 0, 0);color:#a30004\" class=\"has-inline-color\">\u2022 <\/mark>Texts and Scripts from Elephantine Island (Datenbank zu den Textfunden auf der Nilinsel Elephantine, Staatliche Museen zu Berlin, Prof. Dr. Verena Lepper et al.): <a rel=\"noreferrer noopener\" href=\"https:\/\/elephantine.smb.museum\/index.html\" target=\"_blank\">https:\/\/elephantine.smb.museum\/index.html<\/a><\/p>\n\n\n\n<p>Datenbank althebr\u00e4ischer Personennamen (H. Rechenmacher\/V. Golinets\/A. Frank): <a href=\"https:\/\/doi.org\/10.24344\/bht-dahpn\" target=\"_blank\" rel=\"noreferrer noopener\">https:\/\/doi.org\/10.24344\/bht-dahpn<\/a><\/p>\n\n\n\n<p>Eine mit k\u00fcnstlicher Intelligenz arbeitende Suchmaschine f\u00fcr den Vulgatatext: <a rel=\"noreferrer noopener\" href=\"https:\/\/vulgate.streamlit.app\/\" target=\"_blank\">https:\/\/vulgate.streamlit.app\/ <\/a> (in das Suchfenster kann lateinischer oder lateinisch klingender Text in welcher Form und Schreibweise auch immer eingegeben werden; so k\u00f6nnen beispielsweise auch mittellateinischer Text aus Hymnen oder Kirchenv\u00e4tertexte eingegeben werden, und das Programm sucht, welcher lateinische Bibeltext (Vulgata) dahinter stecken k\u00f6nnte.)<\/p>\n\n\n\n<p>Kommentar zum Koran (im Rahmen des Corpus Coranicum der Union der Deutschen Akademien der Wissenschaften): <a href=\"https:\/\/corpuscoranicum.de\/de\/commentary\" target=\"_blank\" rel=\"noreferrer noopener\">https:\/\/corpuscoranicum.de\/de\/commentary<\/a><\/p>\n\n\n\n<p>Der Koran &#8211; \u00fcbersetzt von Rudi Paret (<a href=\"https:\/\/de.wikipedia.org\/wiki\/Rudi_Paret\" target=\"_blank\" rel=\"noreferrer noopener\">Wikipedia<\/a>): <a href=\"https:\/\/archive.org\/details\/der-koran-by-rudi-paret\/mode\/2up\" target=\"_blank\" rel=\"noreferrer noopener\">https:\/\/archive.org\/details\/der-koran-by-rudi-paret\/mode\/2up<\/a><\/p>\n\n\n\n<p>Der Koran &#8211; \u00fcbersetzt von Adel Theodor Khoury (<a rel=\"noreferrer noopener\" href=\"https:\/\/de.wikipedia.org\/wiki\/Adel_Theodor_Khoury\" target=\"_blank\">Wikipedia<\/a>): https:\/\/koran-online.de\/adel-theodor-khoury\/ (Adel Theodor Khoury ist am 14. Juli 2023 verstorben, die Seite ist nicht mehr erreichbar.)<\/p>\n\n\n\n<hr class=\"wp-block-separator has-css-opacity\"\/>\n\n\n\n<p><mark style=\"background-color:rgba(0, 0, 0, 0);color:#a30004\" class=\"has-inline-color\">\u2022 \u2022 \u2022<\/mark> Das Wissenschaftlich-Religionsp\u00e4dagogische Lexikon im Internet (WiReLex): <a rel=\"noreferrer noopener\" href=\"https:\/\/www.bibelwissenschaft.de\/wirelex\/wirelex\/\" target=\"_blank\">https:\/\/www.bibelwissenschaft.de\/wirelex\/wirelex\/<\/a> (das religionsp\u00e4dagogische Pendant zu <a rel=\"noreferrer noopener\" href=\"http:\/\/www.wibilex.de\/\" target=\"_blank\">WiBiLex<\/a>)<\/p>\n\n\n\n<p><mark style=\"background-color:rgba(0, 0, 0, 0);color:#a30009\" class=\"has-inline-color\">\u2022<\/mark> Der umfangreiche Materialpool des Katholischen Bibelwerks: <a rel=\"noreferrer noopener\" href=\"https:\/\/www.bibelwerk.de\/verein\/was-wir-bieten\/materialpool\" target=\"_blank\">https:\/\/www.bibelwerk.de\/verein\/was-wir-bieten\/materialpool<\/a><\/p>\n\n\n\n<p><span style=\"color: #ff0000;\">\u2022 \u2022 \u2022 <\/span>Das WISSENSCHAFTLICHE BIBELLEXIKON im INTERNET (mit derzeit \u00fcber 1200 Artikeln): <a rel=\"noreferrer noopener\" href=\"http:\/\/www.wibilex.de\" target=\"_blank\">http:\/\/www.wibilex.de<\/a><\/p>\n\n\n\n<p><span style=\"color: #ff0000;\">\u2022 <\/span>Die Online-Datenbank des Museums Bibel+Orient (BODO), Freiburg (CH): <a rel=\"noreferrer noopener\" href=\"http:\/\/www.bible-orient-museum.ch\/bodo\/\" target=\"_blank\">http:\/\/www.bible-orient-museum.ch\/bodo\/<\/a><\/p>\n\n\n\n<p>\u00dcberblick \u00fcber die online zug\u00e4nglichen deutschen Bibel\u00fcbersetzungen: <a rel=\"noreferrer noopener\" href=\"https:\/\/www.die-bibel.de\/bibeln\/online-bibeln\/\" target=\"_blank\">https:\/\/www.die-bibel.de\/bibeln\/online-bibeln\/<\/a><\/p>\n\n\n\n<p>Zur Textkritik: Der vollst\u00e4ndige Codex von Aleppo (hebr\u00e4ische Bibelhandschrift; 10. Jh. n. Chr.): <a rel=\"noreferrer noopener\" href=\"http:\/\/aleppocodex.org\/\" target=\"_blank\">http:\/\/aleppocodex.org\/<\/a> ; der Codex Sinaiticus (griechische Bibelhandschrift; 4. Jh. n. Chr.): <a rel=\"noreferrer noopener\" href=\"http:\/\/www.codex-sinaiticus.net\/de\/\" target=\"_blank\">http:\/\/www.codex-sinaiticus.net\/de\/<\/a><\/p>\n\n\n\n<p><\/p>\n","protected":false},"excerpt":{"rendered":"<p>Eine Website, die gescannte Seiten mit hebr\u00e4ischem Text (PDF) in Unicode einlesen kann (OCR): https:\/\/ocr.pdfcandle.com\/heb\/index.html (Es funktioniert auch mit &#8222;gemischtem&#8220; Text dt.\/engl.\/hebr., der Aufwand zur Nachbearbeitung sollte aber nicht untersch\u00e4tzt werden.) Onlinedatenbank mit Personennamen auf epigraphischen Artefakten aus der Eisen-II-Zeit &hellip; <a href=\"https:\/\/bibel.thomashieke.de\/?page_id=2\">Weiterlesen <span class=\"meta-nav\">&rarr;<\/span><\/a><\/p>\n","protected":false},"author":1,"featured_media":0,"parent":0,"menu_order":0,"comment_status":"closed","ping_status":"closed","template":"","meta":{"footnotes":""},"class_list":["post-2","page","type-page","status-publish","hentry"],"_links":{"self":[{"href":"https:\/\/bibel.thomashieke.de\/index.php?rest_route=\/wp\/v2\/pages\/2","targetHints":{"allow":["GET"]}}],"collection":[{"href":"https:\/\/bibel.thomashieke.de\/index.php?rest_route=\/wp\/v2\/pages"}],"about":[{"href":"https:\/\/bibel.thomashieke.de\/index.php?rest_route=\/wp\/v2\/types\/page"}],"author":[{"embeddable":true,"href":"https:\/\/bibel.thomashieke.de\/index.php?rest_route=\/wp\/v2\/users\/1"}],"replies":[{"embeddable":true,"href":"https:\/\/bibel.thomashieke.de\/index.php?rest_route=%2Fwp%2Fv2%2Fcomments&post=2"}],"version-history":[{"count":77,"href":"https:\/\/bibel.thomashieke.de\/index.php?rest_route=\/wp\/v2\/pages\/2\/revisions"}],"predecessor-version":[{"id":681,"href":"https:\/\/bibel.thomashieke.de\/index.php?rest_route=\/wp\/v2\/pages\/2\/revisions\/681"}],"wp:attachment":[{"href":"https:\/\/bibel.thomashieke.de\/index.php?rest_route=%2Fwp%2Fv2%2Fmedia&parent=2"}],"curies":[{"name":"wp","href":"https:\/\/api.w.org\/{rel}","templated":true}]}}